{"id":727,"date":"2025-04-26T22:57:54","date_gmt":"2025-04-27T01:57:54","guid":{"rendered":"https:\/\/professoragisleinesanches.com.br\/?post_type=product&#038;p=727"},"modified":"2026-03-19T08:18:06","modified_gmt":"2026-03-19T11:18:06","slug":"pacotao-ef06ma02-sistemas-de-numeracao-historia-e-pratica","status":"publish","type":"product","link":"https:\/\/professoragisleinesanches.com.br\/index.php\/produto\/pacotao-ef06ma02-sistemas-de-numeracao-historia-e-pratica\/","title":{"rendered":"Sequ\u00eancia Completa: Sistemas de Numera\u00e7\u00e3o (EF06MA02)"},"content":{"rendered":"<p class=\"\" data-start=\"220\" data-end=\"345\">Facilite o desenvolvimento da habilidade <strong data-start=\"261\" data-end=\"273\">EF06MA02<\/strong> da BNCC com atividades pr\u00e1ticas, l\u00fadicas e ricas em conte\u00fado hist\u00f3rico!<\/p>\n<p class=\"\" data-start=\"347\" data-end=\"597\">A<strong> Sequ\u00eancia Completa: Sistemas de Numera\u00e7\u00e3o (EF06MA02)<\/strong>\u00a0re\u00fane materiais que levam os alunos a explorar as principais caracter\u00edsticas dos sistemas de numera\u00e7\u00e3o antigos e a compreender o funcionamento do sistema indo-ar\u00e1bico que utilizamos atualmente.<\/p>\n<p class=\"\" data-start=\"599\" data-end=\"749\">S\u00e3o 5 atividades principais + 2 b\u00f4nus que possibilitam a compara\u00e7\u00e3o, an\u00e1lise e interpreta\u00e7\u00e3o dos diferentes sistemas de contagem ao longo da hist\u00f3ria.<\/p>\n<hr class=\"\" data-start=\"751\" data-end=\"754\" \/>\n<h3 class=\"\" data-start=\"756\" data-end=\"782\">\ud83d\udcda O que est\u00e1 incluso:<\/h3>\n<p class=\"\" data-start=\"784\" data-end=\"893\">\u2714\ufe0f<strong> Sequ\u00eancia Investigativa: Sistemas Antigos:<\/strong><\/p>\n<p data-start=\"784\" data-end=\"893\">Metodologia ativa, baseada em investiga\u00e7\u00e3o e constru\u00e7\u00e3o coletiva do conhecimento.<\/p>\n<p data-start=\"784\" data-end=\"893\">\u2714\ufe0f<strong> Folder &#8211; Sistema de Numera\u00e7\u00e3o Antigos<\/strong><\/p>\n<p class=\"\" data-start=\"784\" data-end=\"893\"><strong data-start=\"787\" data-end=\"821\">\u2714\ufe0fQuebra-Cabe\u00e7a da Decomposi\u00e7\u00e3o:<\/strong><br data-start=\"821\" data-end=\"824\" \/>Atividade l\u00fadica para trabalhar composi\u00e7\u00e3o e decomposi\u00e7\u00e3o de n\u00fameros.<\/p>\n<p class=\"\" data-start=\"895\" data-end=\"1000\">\u2714\ufe0f <strong data-start=\"898\" data-end=\"922\">Bingo da Composi\u00e7\u00e3o:<\/strong><br data-start=\"922\" data-end=\"925\" \/>Jogo interativo que refor\u00e7a o entendimento do valor posicional dos n\u00fameros.<\/p>\n<p class=\"\" data-start=\"1002\" data-end=\"1118\">\u2714\ufe0f <strong data-start=\"1005\" data-end=\"1038\">Pintando os Caminhos Antigos:<\/strong><br data-start=\"1038\" data-end=\"1041\" \/>Atividade visual que explora s\u00edmbolos de sistemas antigos de forma divertida.<\/p>\n<p class=\"\" data-start=\"1120\" data-end=\"1263\">\u2714\ufe0f <strong data-start=\"1123\" data-end=\"1178\">Sistemas de Numera\u00e7\u00e3o Antigos (Atividade de Bolso):<\/strong><br data-start=\"1178\" data-end=\"1181\" \/>Estudo pr\u00e1tico sobre os sistemas eg\u00edpcio, babil\u00f4nico, romano, maia e indo-ar\u00e1bico.<\/p>\n<p class=\"\" data-start=\"1265\" data-end=\"1390\">\u2714\ufe0f <strong data-start=\"1268\" data-end=\"1300\">Explorando Sistemas Antigos:<\/strong><br data-start=\"1300\" data-end=\"1303\" \/>Atividades que estimulam o reconhecimento das caracter\u00edsticas de cada sistema num\u00e9rico.<\/p>\n<hr class=\"\" data-start=\"1392\" data-end=\"1395\" \/>\n<h3 class=\"\" data-start=\"1397\" data-end=\"1419\">\ud83c\udf81 B\u00f4nus Especial:<\/h3>\n<ul data-start=\"1421\" data-end=\"1640\">\n<li class=\"\" data-start=\"1421\" data-end=\"1547\">\n<p class=\"\" data-start=\"1423\" data-end=\"1547\"><strong data-start=\"1423\" data-end=\"1471\">Identificando Sistemas de Numera\u00e7\u00e3o Antigos:<\/strong><br data-start=\"1471\" data-end=\"1474\" \/>Atividade extra para fortalecer a associa\u00e7\u00e3o entre s\u00edmbolos e sistemas.<\/p>\n<\/li>\n<li class=\"\" data-start=\"1549\" data-end=\"1640\">\n<p class=\"\" data-start=\"1551\" data-end=\"1640\"><strong data-start=\"1551\" data-end=\"1578\">Composi\u00e7\u00e3o por Encaixe:<\/strong><br data-start=\"1578\" data-end=\"1581\" \/>Exerc\u00edcio visual de composi\u00e7\u00e3o e decomposi\u00e7\u00e3o de n\u00fameros.<\/p>\n<\/li>\n<\/ul>\n<hr class=\"\" data-start=\"1642\" data-end=\"1645\" \/>\n<h3 class=\"\" data-start=\"1647\" data-end=\"1680\">\ud83c\udfaf Habilidades desenvolvidas:<\/h3>\n<ul data-start=\"1682\" data-end=\"1955\">\n<li class=\"\" data-start=\"1682\" data-end=\"1749\">\n<p class=\"\" data-start=\"1684\" data-end=\"1749\">Reconhecimento e compara\u00e7\u00e3o de diferentes sistemas de numera\u00e7\u00e3o<\/p>\n<\/li>\n<li class=\"\" data-start=\"1750\" data-end=\"1801\">\n<p class=\"\" data-start=\"1752\" data-end=\"1801\">Compreens\u00e3o da evolu\u00e7\u00e3o dos registros num\u00e9ricos<\/p>\n<\/li>\n<li class=\"\" data-start=\"1802\" data-end=\"1876\">\n<p class=\"\" data-start=\"1804\" data-end=\"1876\">Fortalecimento da l\u00f3gica matem\u00e1tica e da percep\u00e7\u00e3o de valor posicional<\/p>\n<\/li>\n<li class=\"\" data-start=\"1877\" data-end=\"1955\">\n<p class=\"\" data-start=\"1879\" data-end=\"1955\">Desenvolvimento do racioc\u00ednio hist\u00f3rico-matem\u00e1tico e da aten\u00e7\u00e3o aos detalhes<\/p>\n<\/li>\n<\/ul>\n<hr class=\"\" data-start=\"1957\" data-end=\"1960\" \/>\n<h3 class=\"\" data-start=\"1962\" data-end=\"1986\">\ud83d\udc69\u200d\ud83c\udfeb Indicado para:<\/h3>\n<ul data-start=\"1988\" data-end=\"2234\">\n<li class=\"\" data-start=\"1988\" data-end=\"2034\">\n<p class=\"\" data-start=\"1990\" data-end=\"2034\">Alunos do <strong data-start=\"2000\" data-end=\"2032\">6\u00ba ano do Ensino Fundamental<\/strong><\/p>\n<\/li>\n<li class=\"\" data-start=\"2035\" data-end=\"2139\">\n<p class=\"\" data-start=\"2037\" data-end=\"2139\">Aulas de matem\u00e1tica, projetos interdisciplinares de matem\u00e1tica e hist\u00f3ria, refor\u00e7o escolar e <strong data-start=\"2130\" data-end=\"2137\">AEE<\/strong><\/p>\n<\/li>\n<li class=\"\" data-start=\"2140\" data-end=\"2234\">\n<p class=\"\" data-start=\"2142\" data-end=\"2234\">Professores que desejam trabalhar conte\u00fados hist\u00f3ricos de forma pr\u00e1tica, visual e envolvente<\/p>\n<\/li>\n<\/ul>\n<hr class=\"\" data-start=\"2236\" data-end=\"2239\" \/>\n<h3 class=\"\" data-start=\"2241\" data-end=\"2278\">\ud83d\udca1 Por que escolher este pacot\u00e3o?<\/h3>\n<ul data-start=\"2280\" data-end=\"2584\">\n<li class=\"\" data-start=\"2280\" data-end=\"2353\">\n<p class=\"\" data-start=\"2282\" data-end=\"2353\">Conte\u00fado alinhado \u00e0 BNCC, pensado para facilitar a aprendizagem ativa<\/p>\n<\/li>\n<li class=\"\" data-start=\"2354\" data-end=\"2426\">\n<p class=\"\" data-start=\"2356\" data-end=\"2426\">Atividades visuais e pr\u00e1ticas que envolvem todos os perfis de alunos<\/p>\n<\/li>\n<li class=\"\" data-start=\"2427\" data-end=\"2496\">\n<p class=\"\" data-start=\"2429\" data-end=\"2496\">B\u00f4nus que ampliam as possibilidades de explora\u00e7\u00e3o em sala de aula<\/p>\n<\/li>\n<li class=\"\" data-start=\"2497\" data-end=\"2584\">\n<p class=\"\" data-start=\"2499\" data-end=\"2584\"><strong data-start=\"2499\" data-end=\"2533\">Pronto para imprimir e aplicar<\/strong>, economizando seu tempo e enriquecendo suas aulas!<\/p>\n<\/li>\n<\/ul>\n","protected":false},"excerpt":{"rendered":"<p>Facilite o desenvolvimento da habilidade EF06MA02 da BNCC com atividades pr\u00e1ticas, l\u00fadicas e ricas em conte\u00fado hist\u00f3rico! A Sequ\u00eancia Completa: Sistemas de Numera\u00e7\u00e3o (EF06MA02)\u00a0re\u00fane materiais que levam os alunos a explorar as principais caracter\u00edsticas dos sistemas de numera\u00e7\u00e3o antigos e a compreender o funcionamento do sistema indo-ar\u00e1bico que utilizamos atualmente. S\u00e3o 5 atividades principais + [&hellip;]<\/p>\n","protected":false},"featured_media":1453,"comment_status":"open","ping_status":"closed","template":"","meta":[],"product_brand":[],"product_cat":[102],"product_tag":[],"class_list":{"0":"post-727","1":"product","2":"type-product","3":"status-publish","4":"has-post-thumbnail","6":"product_cat-pacotoes-matematicos","8":"first","9":"instock","10":"sale","11":"downloadable","12":"shipping-taxable","13":"purchasable","14":"product-type-simple"},"jetpack_sharing_enabled":true,"_links":{"self":[{"href":"https:\/\/professoragisleinesanches.com.br\/index.php\/wp-json\/wp\/v2\/product\/727","targetHints":{"allow":["GET"]}}],"collection":[{"href":"https:\/\/professoragisleinesanches.com.br\/index.php\/wp-json\/wp\/v2\/product"}],"about":[{"href":"https:\/\/professoragisleinesanches.com.br\/index.php\/wp-json\/wp\/v2\/types\/product"}],"replies":[{"embeddable":true,"href":"https:\/\/professoragisleinesanches.com.br\/index.php\/wp-json\/wp\/v2\/comments?post=727"}],"wp:featuredmedia":[{"embeddable":true,"href":"https:\/\/professoragisleinesanches.com.br\/index.php\/wp-json\/wp\/v2\/media\/1453"}],"wp:attachment":[{"href":"https:\/\/professoragisleinesanches.com.br\/index.php\/wp-json\/wp\/v2\/media?parent=727"}],"wp:term":[{"taxonomy":"product_brand","embeddable":true,"href":"https:\/\/professoragisleinesanches.com.br\/index.php\/wp-json\/wp\/v2\/product_brand?post=727"},{"taxonomy":"product_cat","embeddable":true,"href":"https:\/\/professoragisleinesanches.com.br\/index.php\/wp-json\/wp\/v2\/product_cat?post=727"},{"taxonomy":"product_tag","embeddable":true,"href":"https:\/\/professoragisleinesanches.com.br\/index.php\/wp-json\/wp\/v2\/product_tag?post=727"}],"curies":[{"name":"wp","href":"https:\/\/api.w.org\/{rel}","templated":true}]}}