{"id":721,"date":"2025-04-26T22:02:23","date_gmt":"2025-04-27T01:02:23","guid":{"rendered":"https:\/\/professoragisleinesanches.com.br\/?post_type=product&#038;p=721"},"modified":"2025-12-10T10:53:25","modified_gmt":"2025-12-10T13:53:25","slug":"pacotao-ef06ma01-reta-numerica","status":"publish","type":"product","link":"https:\/\/professoragisleinesanches.com.br\/index.php\/produto\/pacotao-ef06ma01-reta-numerica\/","title":{"rendered":"Pacot\u00e3o EF06MA01 &#8211; Reta num\u00e9rica"},"content":{"rendered":"<p class=\"\" data-start=\"370\" data-end=\"517\">O <strong data-start=\"372\" data-end=\"392\">Pacot\u00e3o EF06MA01<\/strong> foi desenvolvido para facilitar o trabalho com a habilidade de <strong data-start=\"456\" data-end=\"499\">identificar, comparar e ordenar n\u00fameros<\/strong>, conforme a BNCC.<\/p>\n<p class=\"\" data-start=\"519\" data-end=\"566\">Inclui dois jogos pr\u00e1ticos e prontos para usar:<\/p>\n<p class=\"\" data-start=\"568\" data-end=\"775\">\u2714\ufe0f <strong data-start=\"571\" data-end=\"597\">Jogo da Reta Num\u00e9rica:<\/strong><br data-start=\"597\" data-end=\"600\" \/>Atividade interativa que auxilia o aluno a localizar e posicionar corretamente n\u00fameros inteiros na reta num\u00e9rica, promovendo a percep\u00e7\u00e3o de valor e dist\u00e2ncia entre os n\u00fameros.<\/p>\n<p class=\"\" data-start=\"777\" data-end=\"1025\">\u2714\ufe0f <strong data-start=\"780\" data-end=\"836\">Habilidade Num\u00e9rica em Jogo: Comparando e Ordenando:<\/strong><br data-start=\"836\" data-end=\"839\" \/>Jogo din\u00e2mico que prop\u00f5e a compara\u00e7\u00e3o de n\u00fameros inteiros e a organiza\u00e7\u00e3o em ordem crescente ou decrescente, estimulando o racioc\u00ednio l\u00f3gico e a agilidade no reconhecimento de grandezas.<\/p>\n<p class=\"\" data-start=\"1027\" data-end=\"1180\">\ud83c\udf81 <strong data-start=\"1030\" data-end=\"1049\">B\u00f4nus Especial:<\/strong><br data-start=\"1049\" data-end=\"1052\" \/>Ao adquirir o pacot\u00e3o, voc\u00ea tamb\u00e9m recebe uma <strong data-start=\"1098\" data-end=\"1125\">reta num\u00e9rica em branco<\/strong> para criar novas atividades e personalizar suas aulas!<\/p>\n<p class=\"\" data-start=\"1182\" data-end=\"1286\">\u2705 Tudo pronto para imprimir e aplicar, tornando a aprendizagem mais concreta, divertida e significativa!<\/p>\n<p class=\"\" data-start=\"1288\" data-end=\"1394\">\n","protected":false},"excerpt":{"rendered":"<p>O Pacot\u00e3o EF06MA01 foi desenvolvido para facilitar o trabalho com a habilidade de identificar, comparar e ordenar n\u00fameros, conforme a BNCC. Inclui dois jogos pr\u00e1ticos e prontos para usar: \u2714\ufe0f Jogo da Reta Num\u00e9rica:Atividade interativa que auxilia o aluno a localizar e posicionar corretamente n\u00fameros inteiros na reta num\u00e9rica, promovendo a percep\u00e7\u00e3o de valor e [&hellip;]<\/p>\n","protected":false},"featured_media":726,"comment_status":"open","ping_status":"closed","template":"","meta":[],"product_brand":[],"product_cat":[32,102],"product_tag":[],"class_list":{"0":"post-721","1":"product","2":"type-product","3":"status-publish","4":"has-post-thumbnail","6":"product_cat-6o-ano","7":"product_cat-pacotoes-matematicos","9":"first","10":"instock","11":"sale","12":"downloadable","13":"shipping-taxable","14":"purchasable","15":"product-type-simple"},"jetpack_sharing_enabled":true,"_links":{"self":[{"href":"https:\/\/professoragisleinesanches.com.br\/index.php\/wp-json\/wp\/v2\/product\/721","targetHints":{"allow":["GET"]}}],"collection":[{"href":"https:\/\/professoragisleinesanches.com.br\/index.php\/wp-json\/wp\/v2\/product"}],"about":[{"href":"https:\/\/professoragisleinesanches.com.br\/index.php\/wp-json\/wp\/v2\/types\/product"}],"replies":[{"embeddable":true,"href":"https:\/\/professoragisleinesanches.com.br\/index.php\/wp-json\/wp\/v2\/comments?post=721"}],"wp:featuredmedia":[{"embeddable":true,"href":"https:\/\/professoragisleinesanches.com.br\/index.php\/wp-json\/wp\/v2\/media\/726"}],"wp:attachment":[{"href":"https:\/\/professoragisleinesanches.com.br\/index.php\/wp-json\/wp\/v2\/media?parent=721"}],"wp:term":[{"taxonomy":"product_brand","embeddable":true,"href":"https:\/\/professoragisleinesanches.com.br\/index.php\/wp-json\/wp\/v2\/product_brand?post=721"},{"taxonomy":"product_cat","embeddable":true,"href":"https:\/\/professoragisleinesanches.com.br\/index.php\/wp-json\/wp\/v2\/product_cat?post=721"},{"taxonomy":"product_tag","embeddable":true,"href":"https:\/\/professoragisleinesanches.com.br\/index.php\/wp-json\/wp\/v2\/product_tag?post=721"}],"curies":[{"name":"wp","href":"https:\/\/api.w.org\/{rel}","templated":true}]}}