{"id":433,"date":"2025-02-23T19:45:27","date_gmt":"2025-02-23T22:45:27","guid":{"rendered":"https:\/\/professoragisleinesanches.com.br\/?post_type=product&#038;p=433"},"modified":"2025-12-10T10:53:45","modified_gmt":"2025-12-10T13:53:45","slug":"desafio-decimal-operacoes-com-numeros-decimais","status":"publish","type":"product","link":"https:\/\/professoragisleinesanches.com.br\/index.php\/produto\/desafio-decimal-operacoes-com-numeros-decimais\/","title":{"rendered":"Desafio Decimal &#8211; Opera\u00e7\u00f5es com n\u00fameros decimais"},"content":{"rendered":"<p data-start=\"46\" data-end=\"327\">Prepare seus alunos para uma emocionante jornada pelo tabuleiro, onde o conhecimento em opera\u00e7\u00f5es com decimais ser\u00e1 a chave para a vit\u00f3ria! No <strong>Desafio Decimal<\/strong>, cada casa do tabuleiro traz um problema matem\u00e1tico que precisa ser resolvido corretamente para avan\u00e7ar.<\/p>\n<h3 data-start=\"329\" data-end=\"356\">\ud83d\udd0d <strong data-start=\"336\" data-end=\"354\">Como Funciona:<\/strong><\/h3>\n<p data-start=\"357\" data-end=\"612\"><strong data-start=\"359\" data-end=\"390\">\ud83c\udfb2 Os alunos jogam os dados<\/strong>, movem suas pe\u00e7as no tabuleiro e enfrentam desafios matem\u00e1ticos envolvendo opera\u00e7\u00f5es com decimais.<br data-start=\"489\" data-end=\"492\" \/><strong data-start=\"494\" data-end=\"513\">\ud83d\udcdd Para avan\u00e7ar<\/strong>, \u00e9 preciso resolver corretamente cada problema. Quem chegar primeiro ao final do tabuleiro, vence!<\/p>\n<h3 data-start=\"614\" data-end=\"638\">\ud83d\ude80 <strong data-start=\"621\" data-end=\"636\">Benef\u00edcios:<\/strong><\/h3>\n<p data-start=\"639\" data-end=\"1048\"><strong data-start=\"641\" data-end=\"668\">\ud83c\udf89 Aprendizagem L\u00fadica:<\/strong> Os alunos praticam opera\u00e7\u00f5es com decimais enquanto se divertem, tornando o aprendizado leve e eficaz.<br data-start=\"770\" data-end=\"773\" \/><strong data-start=\"775\" data-end=\"802\">\ud83e\udd1d Competi\u00e7\u00e3o Saud\u00e1vel:<\/strong> Estimula o racioc\u00ednio r\u00e1pido e o trabalho em equipe em um ambiente de competi\u00e7\u00e3o saud\u00e1vel.<br data-start=\"893\" data-end=\"896\" \/><strong data-start=\"898\" data-end=\"948\">\ud83e\udde0 Desenvolvimento de Habilidades Matem\u00e1ticas:<\/strong> Trabalha adi\u00e7\u00e3o, subtra\u00e7\u00e3o, multiplica\u00e7\u00e3o e divis\u00e3o de decimais de maneira envolvente e interativa.<\/p>\n<p data-start=\"1118\" data-end=\"1320\" data-is-last-node=\"\" data-is-only-node=\"\">Torne suas aulas mais din\u00e2micas e envolventes com o &#8220;Desafio Decimal&#8221; \u2013 um jogo de tabuleiro que combina aprendizado e divers\u00e3o, ideal para revisar conte\u00fados e incentivar o trabalho em equipe!<\/p>\n<p data-start=\"1118\" data-end=\"1320\" data-is-last-node=\"\" data-is-only-node=\"\">\ud83d\udce5 <strong data-start=\"1053\" data-end=\"1116\">Material em PDF n\u00e3o edit\u00e1vel \u2013 pronto para imprimir e usar!<\/strong><\/p>\n","protected":false},"excerpt":{"rendered":"<p>Prepare seus alunos para uma emocionante jornada pelo tabuleiro, onde o conhecimento em opera\u00e7\u00f5es com decimais ser\u00e1 a chave para a vit\u00f3ria! No Desafio Decimal, cada casa do tabuleiro traz um problema matem\u00e1tico que precisa ser resolvido corretamente para avan\u00e7ar. \ud83d\udd0d Como Funciona: \ud83c\udfb2 Os alunos jogam os dados, movem suas pe\u00e7as no tabuleiro e [&hellip;]<\/p>\n","protected":false},"featured_media":435,"comment_status":"open","ping_status":"closed","template":"","meta":[],"product_brand":[],"product_cat":[32],"product_tag":[79,80],"class_list":{"0":"post-433","1":"product","2":"type-product","3":"status-publish","4":"has-post-thumbnail","6":"product_cat-6o-ano","7":"product_tag-ef06ma11","8":"product_tag-operacoes-com-racionais","10":"first","11":"instock","12":"downloadable","13":"shipping-taxable","14":"purchasable","15":"product-type-simple"},"jetpack_sharing_enabled":true,"_links":{"self":[{"href":"https:\/\/professoragisleinesanches.com.br\/index.php\/wp-json\/wp\/v2\/product\/433","targetHints":{"allow":["GET"]}}],"collection":[{"href":"https:\/\/professoragisleinesanches.com.br\/index.php\/wp-json\/wp\/v2\/product"}],"about":[{"href":"https:\/\/professoragisleinesanches.com.br\/index.php\/wp-json\/wp\/v2\/types\/product"}],"replies":[{"embeddable":true,"href":"https:\/\/professoragisleinesanches.com.br\/index.php\/wp-json\/wp\/v2\/comments?post=433"}],"wp:featuredmedia":[{"embeddable":true,"href":"https:\/\/professoragisleinesanches.com.br\/index.php\/wp-json\/wp\/v2\/media\/435"}],"wp:attachment":[{"href":"https:\/\/professoragisleinesanches.com.br\/index.php\/wp-json\/wp\/v2\/media?parent=433"}],"wp:term":[{"taxonomy":"product_brand","embeddable":true,"href":"https:\/\/professoragisleinesanches.com.br\/index.php\/wp-json\/wp\/v2\/product_brand?post=433"},{"taxonomy":"product_cat","embeddable":true,"href":"https:\/\/professoragisleinesanches.com.br\/index.php\/wp-json\/wp\/v2\/product_cat?post=433"},{"taxonomy":"product_tag","embeddable":true,"href":"https:\/\/professoragisleinesanches.com.br\/index.php\/wp-json\/wp\/v2\/product_tag?post=433"}],"curies":[{"name":"wp","href":"https:\/\/api.w.org\/{rel}","templated":true}]}}