{"id":383,"date":"2025-02-23T09:46:56","date_gmt":"2025-02-23T12:46:56","guid":{"rendered":"https:\/\/professoragisleinesanches.com.br\/?post_type=product&#038;p=383"},"modified":"2025-12-10T10:53:51","modified_gmt":"2025-12-10T13:53:51","slug":"fato-ou-fake-fracoes-e-decimais","status":"publish","type":"product","link":"https:\/\/professoragisleinesanches.com.br\/index.php\/produto\/fato-ou-fake-fracoes-e-decimais\/","title":{"rendered":"Fato ou Fake &#8211; Fra\u00e7\u00f5es e Decimais"},"content":{"rendered":"<p data-start=\"194\" data-end=\"389\">Voc\u00ea j\u00e1 viu que muitos alunos t\u00eam dificuldade em compreender a equival\u00eancia entre fra\u00e7\u00f5es e n\u00fameros decimais? Se sim, temos uma solu\u00e7\u00e3o pr\u00e1tica e interativa para facilitar esse aprendizado!<\/p>\n<p data-start=\"391\" data-end=\"710\">A atividade <strong data-start=\"403\" data-end=\"442\">Fato ou Fake &#8211; Fra\u00e7\u00f5es e Decimais<\/strong>\u00a0foi desenvolvida para tornar o ensino dessa rela\u00e7\u00e3o mais din\u00e2mica e envolvente. Nela, os alunos analisam diferentes afirma\u00e7\u00f5es e classifica\u00e7\u00f5es como <strong data-start=\"589\" data-end=\"599\">&#8220;Fato&#8221;<\/strong> ou <strong data-start=\"603\" data-end=\"613\">&#8220;Fake&#8221;<\/strong> , desenvolvendo o racioc\u00ednio l\u00f3gico e a compreens\u00e3o sobre as particulares entre fra\u00e7\u00f5es e decimais.<\/p>\n<h3 data-start=\"712\" data-end=\"750\"><strong data-start=\"716\" data-end=\"750\">O que \u00e9 essa atividade trabalhada?<\/strong><\/h3>\n<p data-start=\"751\" data-end=\"960\">\u2714 Compreens\u00e3o da equival\u00eancia entre fra\u00e7\u00f5es e decimais. <br data-start=\"806\" data-end=\"809\" \/>\u2714 Compara\u00e7\u00e3o e an\u00e1lise cr\u00edtica dos n\u00fameros. <br data-start=\"852\" data-end=\"855\" \/>\u2714 Racioc\u00ednio l\u00f3gico e aten\u00e7\u00e3o aos detalhes. <br data-start=\"898\" data-end=\"901\" \/>\u2714 Pr\u00e1tica interativa e gamificada do conte\u00fado matem\u00e1tico.<\/p>\n<p data-start=\"1942\" data-end=\"2050\">Garanta j\u00e1 essa atividade e proporcione uma experi\u00eancia de aprendizado mais significativa para seus alunos!<\/p>\n<p style=\"text-align: center;\" data-start=\"2052\" data-end=\"2154\"><strong data-start=\"2052\" data-end=\"2092\">Dispon\u00edvel em PDF para impress\u00e3o.<\/strong><\/p>\n","protected":false},"excerpt":{"rendered":"<p>Voc\u00ea j\u00e1 viu que muitos alunos t\u00eam dificuldade em compreender a equival\u00eancia entre fra\u00e7\u00f5es e n\u00fameros decimais? Se sim, temos uma solu\u00e7\u00e3o pr\u00e1tica e interativa para facilitar esse aprendizado! A atividade Fato ou Fake &#8211; Fra\u00e7\u00f5es e Decimais\u00a0foi desenvolvida para tornar o ensino dessa rela\u00e7\u00e3o mais din\u00e2mica e envolvente. Nela, os alunos analisam diferentes afirma\u00e7\u00f5es [&hellip;]<\/p>\n","protected":false},"featured_media":385,"comment_status":"open","ping_status":"closed","template":"","meta":[],"product_brand":[],"product_cat":[32],"product_tag":[68,69],"class_list":{"0":"post-383","1":"product","2":"type-product","3":"status-publish","4":"has-post-thumbnail","6":"product_cat-6o-ano","7":"product_tag-ef06ma08","8":"product_tag-fracoes-e-decimais","10":"first","11":"instock","12":"downloadable","13":"shipping-taxable","14":"purchasable","15":"product-type-simple"},"jetpack_sharing_enabled":true,"_links":{"self":[{"href":"https:\/\/professoragisleinesanches.com.br\/index.php\/wp-json\/wp\/v2\/product\/383","targetHints":{"allow":["GET"]}}],"collection":[{"href":"https:\/\/professoragisleinesanches.com.br\/index.php\/wp-json\/wp\/v2\/product"}],"about":[{"href":"https:\/\/professoragisleinesanches.com.br\/index.php\/wp-json\/wp\/v2\/types\/product"}],"replies":[{"embeddable":true,"href":"https:\/\/professoragisleinesanches.com.br\/index.php\/wp-json\/wp\/v2\/comments?post=383"}],"wp:featuredmedia":[{"embeddable":true,"href":"https:\/\/professoragisleinesanches.com.br\/index.php\/wp-json\/wp\/v2\/media\/385"}],"wp:attachment":[{"href":"https:\/\/professoragisleinesanches.com.br\/index.php\/wp-json\/wp\/v2\/media?parent=383"}],"wp:term":[{"taxonomy":"product_brand","embeddable":true,"href":"https:\/\/professoragisleinesanches.com.br\/index.php\/wp-json\/wp\/v2\/product_brand?post=383"},{"taxonomy":"product_cat","embeddable":true,"href":"https:\/\/professoragisleinesanches.com.br\/index.php\/wp-json\/wp\/v2\/product_cat?post=383"},{"taxonomy":"product_tag","embeddable":true,"href":"https:\/\/professoragisleinesanches.com.br\/index.php\/wp-json\/wp\/v2\/product_tag?post=383"}],"curies":[{"name":"wp","href":"https:\/\/api.w.org\/{rel}","templated":true}]}}