{"id":1046,"date":"2025-07-16T19:39:48","date_gmt":"2025-07-16T22:39:48","guid":{"rendered":"https:\/\/professoragisleinesanches.com.br\/?post_type=product&#038;p=1046"},"modified":"2025-12-10T10:53:13","modified_gmt":"2025-12-10T13:53:13","slug":"domino-multiplicacao-e-divisao-de-fracoes","status":"publish","type":"product","link":"https:\/\/professoragisleinesanches.com.br\/index.php\/produto\/domino-multiplicacao-e-divisao-de-fracoes\/","title":{"rendered":"Domin\u00f3 &#8211; Multiplica\u00e7\u00e3o e Divis\u00e3o de Fra\u00e7\u00f5es"},"content":{"rendered":"<p>O <strong data-start=\"384\" data-end=\"431\">Domin\u00f3 \u2013 Multiplica\u00e7\u00e3o e Divis\u00e3o de Fra\u00e7\u00f5es<\/strong> conta com 28 pe\u00e7as prontas para imprimir e aplicar em sala. Ideal para professores que buscam uma atividade din\u00e2mica, que foge do tradicional e mant\u00e9m os alunos engajados enquanto praticam opera\u00e7\u00f5es com fra\u00e7\u00f5es de forma l\u00fadica e eficaz.<br data-start=\"668\" data-end=\"671\" \/>Economize tempo com um recurso pr\u00e1tico, bem estruturado e que valoriza o protagonismo do estudante na constru\u00e7\u00e3o do conhecimento matem\u00e1tico.<\/p>\n","protected":false},"excerpt":{"rendered":"<p>O Domin\u00f3 \u2013 Multiplica\u00e7\u00e3o e Divis\u00e3o de Fra\u00e7\u00f5es conta com 28 pe\u00e7as prontas para imprimir e aplicar em sala. Ideal para professores que buscam uma atividade din\u00e2mica, que foge do tradicional e mant\u00e9m os alunos engajados enquanto praticam opera\u00e7\u00f5es com fra\u00e7\u00f5es de forma l\u00fadica e eficaz.Economize tempo com um recurso pr\u00e1tico, bem estruturado e que [&hellip;]<\/p>\n","protected":false},"featured_media":1048,"comment_status":"open","ping_status":"closed","template":"","meta":[],"product_brand":[],"product_cat":[32,101],"product_tag":[],"class_list":{"0":"post-1046","1":"product","2":"type-product","3":"status-publish","4":"has-post-thumbnail","6":"product_cat-6o-ano","7":"product_cat-7o-ano","9":"first","10":"instock","11":"downloadable","12":"shipping-taxable","13":"purchasable","14":"product-type-simple"},"jetpack_sharing_enabled":true,"_links":{"self":[{"href":"https:\/\/professoragisleinesanches.com.br\/index.php\/wp-json\/wp\/v2\/product\/1046","targetHints":{"allow":["GET"]}}],"collection":[{"href":"https:\/\/professoragisleinesanches.com.br\/index.php\/wp-json\/wp\/v2\/product"}],"about":[{"href":"https:\/\/professoragisleinesanches.com.br\/index.php\/wp-json\/wp\/v2\/types\/product"}],"replies":[{"embeddable":true,"href":"https:\/\/professoragisleinesanches.com.br\/index.php\/wp-json\/wp\/v2\/comments?post=1046"}],"wp:featuredmedia":[{"embeddable":true,"href":"https:\/\/professoragisleinesanches.com.br\/index.php\/wp-json\/wp\/v2\/media\/1048"}],"wp:attachment":[{"href":"https:\/\/professoragisleinesanches.com.br\/index.php\/wp-json\/wp\/v2\/media?parent=1046"}],"wp:term":[{"taxonomy":"product_brand","embeddable":true,"href":"https:\/\/professoragisleinesanches.com.br\/index.php\/wp-json\/wp\/v2\/product_brand?post=1046"},{"taxonomy":"product_cat","embeddable":true,"href":"https:\/\/professoragisleinesanches.com.br\/index.php\/wp-json\/wp\/v2\/product_cat?post=1046"},{"taxonomy":"product_tag","embeddable":true,"href":"https:\/\/professoragisleinesanches.com.br\/index.php\/wp-json\/wp\/v2\/product_tag?post=1046"}],"curies":[{"name":"wp","href":"https:\/\/api.w.org\/{rel}","templated":true}]}}