{"id":1012,"date":"2025-07-14T08:36:12","date_gmt":"2025-07-14T11:36:12","guid":{"rendered":"https:\/\/professoragisleinesanches.com.br\/?post_type=product&#038;p=1012"},"modified":"2026-02-18T08:31:37","modified_gmt":"2026-02-18T11:31:37","slug":"albuns-de-figurinhas-porcentagem-acrescimo-e-decrescimo","status":"publish","type":"product","link":"https:\/\/professoragisleinesanches.com.br\/index.php\/produto\/albuns-de-figurinhas-porcentagem-acrescimo-e-decrescimo\/","title":{"rendered":"\u00c1lbuns de figurinhas &#8211; Porcentagem: Acr\u00e9scimo e Decr\u00e9scimo"},"content":{"rendered":"<p data-start=\"335\" data-end=\"683\">Este material \u00e9 composto por <strong data-start=\"364\" data-end=\"405\">dois \u00e1lbuns de figurinhas interativos<\/strong>, sendo um dedicado ao <strong data-start=\"428\" data-end=\"452\">acr\u00e9scimo percentual<\/strong> e o outro ao <strong data-start=\"466\" data-end=\"489\">desconto percentual<\/strong>. Cada \u00e1lbum apresenta situa\u00e7\u00f5es-problema contextualizadas que convidam o aluno a resolver e encontrar a figurinha correspondente para colar, tornando a aprendizagem mais envolvente e divertida.<\/p>\n<p data-start=\"685\" data-end=\"720\">\ud83e\udde0 <strong data-start=\"688\" data-end=\"718\">Habilidades desenvolvidas:<\/strong><\/p>\n<ul data-start=\"721\" data-end=\"934\">\n<li data-start=\"721\" data-end=\"771\">\n<p data-start=\"723\" data-end=\"771\">Compreens\u00e3o e aplica\u00e7\u00e3o do c\u00e1lculo percentual;<\/p>\n<\/li>\n<li data-start=\"772\" data-end=\"836\">\n<p data-start=\"774\" data-end=\"836\">Racioc\u00ednio l\u00f3gico e resolu\u00e7\u00e3o de problemas contextualizados;<\/p>\n<\/li>\n<li data-start=\"837\" data-end=\"895\">\n<p data-start=\"839\" data-end=\"895\">Interpreta\u00e7\u00e3o de situa\u00e7\u00f5es cotidianas com porcentagem;<\/p>\n<\/li>\n<li data-start=\"896\" data-end=\"934\">\n<p data-start=\"898\" data-end=\"934\">Engajamento por meio da gamifica\u00e7\u00e3o.<\/p>\n<\/li>\n<\/ul>\n<p data-start=\"936\" data-end=\"963\">\ud83d\udcc4 <strong data-start=\"939\" data-end=\"961\">O que voc\u00ea recebe:<\/strong><\/p>\n<ul data-start=\"964\" data-end=\"1163\">\n<li data-start=\"964\" data-end=\"1038\">\n<p data-start=\"966\" data-end=\"1038\"><strong data-start=\"966\" data-end=\"978\">\u00c1lbum 1:<\/strong> Acr\u00e9scimo Percentual (12 situa\u00e7\u00f5es-problema + figurinhas)<\/p>\n<\/li>\n<li data-start=\"1039\" data-end=\"1112\">\n<p data-start=\"1041\" data-end=\"1112\"><strong data-start=\"1041\" data-end=\"1053\">\u00c1lbum 2:<\/strong> Desconto Percentual (12 situa\u00e7\u00f5es-problema + figurinhas)<\/p>\n<\/li>\n<li data-start=\"1113\" data-end=\"1163\">\n<p data-start=\"1115\" data-end=\"1163\">Material pronto para imprimir e aplicar em sala.<\/p>\n<\/li>\n<\/ul>\n<p data-start=\"1165\" data-end=\"1310\">\ud83d\udca1 <strong data-start=\"1168\" data-end=\"1183\">Ideal para:<\/strong><br data-start=\"1183\" data-end=\"1186\" \/>Professores que desejam tornar o ensino de porcentagem mais atrativo e eficaz para seus alunos do 6\u00ba ano ou refor\u00e7o escolar.<\/p>\n","protected":false},"excerpt":{"rendered":"<p>Este material \u00e9 composto por dois \u00e1lbuns de figurinhas interativos, sendo um dedicado ao acr\u00e9scimo percentual e o outro ao desconto percentual. Cada \u00e1lbum apresenta situa\u00e7\u00f5es-problema contextualizadas que convidam o aluno a resolver e encontrar a figurinha correspondente para colar, tornando a aprendizagem mais envolvente e divertida. \ud83e\udde0 Habilidades desenvolvidas: Compreens\u00e3o e aplica\u00e7\u00e3o do c\u00e1lculo [&hellip;]<\/p>\n","protected":false},"featured_media":1014,"comment_status":"open","ping_status":"closed","template":"","meta":[],"product_brand":[],"product_cat":[101],"product_tag":[],"class_list":{"0":"post-1012","1":"product","2":"type-product","3":"status-publish","4":"has-post-thumbnail","6":"product_cat-7o-ano","8":"first","9":"instock","10":"downloadable","11":"shipping-taxable","12":"purchasable","13":"product-type-simple"},"jetpack_sharing_enabled":true,"_links":{"self":[{"href":"https:\/\/professoragisleinesanches.com.br\/index.php\/wp-json\/wp\/v2\/product\/1012","targetHints":{"allow":["GET"]}}],"collection":[{"href":"https:\/\/professoragisleinesanches.com.br\/index.php\/wp-json\/wp\/v2\/product"}],"about":[{"href":"https:\/\/professoragisleinesanches.com.br\/index.php\/wp-json\/wp\/v2\/types\/product"}],"replies":[{"embeddable":true,"href":"https:\/\/professoragisleinesanches.com.br\/index.php\/wp-json\/wp\/v2\/comments?post=1012"}],"wp:featuredmedia":[{"embeddable":true,"href":"https:\/\/professoragisleinesanches.com.br\/index.php\/wp-json\/wp\/v2\/media\/1014"}],"wp:attachment":[{"href":"https:\/\/professoragisleinesanches.com.br\/index.php\/wp-json\/wp\/v2\/media?parent=1012"}],"wp:term":[{"taxonomy":"product_brand","embeddable":true,"href":"https:\/\/professoragisleinesanches.com.br\/index.php\/wp-json\/wp\/v2\/product_brand?post=1012"},{"taxonomy":"product_cat","embeddable":true,"href":"https:\/\/professoragisleinesanches.com.br\/index.php\/wp-json\/wp\/v2\/product_cat?post=1012"},{"taxonomy":"product_tag","embeddable":true,"href":"https:\/\/professoragisleinesanches.com.br\/index.php\/wp-json\/wp\/v2\/product_tag?post=1012"}],"curies":[{"name":"wp","href":"https:\/\/api.w.org\/{rel}","templated":true}]}}