{"id":23,"date":"2025-02-19T19:51:55","date_gmt":"2025-02-19T19:51:55","guid":{"rendered":"https:\/\/professoragisleinesanches.com.br\/?page_id=23"},"modified":"2025-02-20T19:14:31","modified_gmt":"2025-02-20T22:14:31","slug":"sobre-nos","status":"publish","type":"page","link":"https:\/\/professoragisleinesanches.com.br\/index.php\/sobre-nos\/","title":{"rendered":"Sobre N\u00f3s"},"content":{"rendered":"\t\t<div data-elementor-type=\"wp-page\" data-elementor-id=\"23\" class=\"elementor elementor-23\" data-elementor-settings=\"{&quot;ha_cmc_init_switcher&quot;:&quot;no&quot;}\" data-elementor-post-type=\"page\">\n\t\t\t\t<div class=\"elementor-element elementor-element-17b9137 e-flex e-con-boxed e-con e-parent\" data-id=\"17b9137\" data-element_type=\"container\" data-e-type=\"container\" data-settings=\"{&quot;_ha_eqh_enable&quot;:false}\">\n\t\t\t\t\t<div class=\"e-con-inner\">\n\t\t<div class=\"elementor-element elementor-element-7b44118 e-con-full e-flex e-con e-child\" data-id=\"7b44118\" data-element_type=\"container\" data-e-type=\"container\" data-settings=\"{&quot;background_background&quot;:&quot;classic&quot;,&quot;_ha_eqh_enable&quot;:false}\">\n\t\t<div class=\"elementor-element elementor-element-bd7735a e-con-full e-flex e-con e-child\" data-id=\"bd7735a\" data-element_type=\"container\" data-e-type=\"container\" data-settings=\"{&quot;_ha_eqh_enable&quot;:false}\">\n\t\t\t\t<div class=\"elementor-element elementor-element-ec9f1e5 elementor-widget elementor-widget-heading\" data-id=\"ec9f1e5\" data-element_type=\"widget\" data-e-type=\"widget\" data-widget_type=\"heading.default\">\n\t\t\t\t<div class=\"elementor-widget-container\">\n\t\t\t\t\t<h2 class=\"elementor-heading-title elementor-size-default\">Sobre<\/h2>\t\t\t\t<\/div>\n\t\t\t\t<\/div>\n\t\t\t\t<div class=\"elementor-element elementor-element-3ebdb6d elementor-widget elementor-widget-heading\" data-id=\"3ebdb6d\" data-element_type=\"widget\" data-e-type=\"widget\" data-widget_type=\"heading.default\">\n\t\t\t\t<div class=\"elementor-widget-container\">\n\t\t\t\t\t<h2 class=\"elementor-heading-title elementor-size-default\">N\u00f3s<\/h2>\t\t\t\t<\/div>\n\t\t\t\t<\/div>\n\t\t\t\t<\/div>\n\t\t\t\t<div class=\"elementor-element elementor-element-d074c0e elementor-widget elementor-widget-heading\" data-id=\"d074c0e\" data-element_type=\"widget\" data-e-type=\"widget\" data-widget_type=\"heading.default\">\n\t\t\t\t<div class=\"elementor-widget-container\">\n\t\t\t\t\t<h2 class=\"elementor-heading-title elementor-size-default\">Ol\u00e1, meu nome \u00e9 Gisleine Sanches<\/h2>\t\t\t\t<\/div>\n\t\t\t\t<\/div>\n\t\t<div class=\"elementor-element elementor-element-309face e-con-full e-flex e-con e-child\" data-id=\"309face\" data-element_type=\"container\" data-e-type=\"container\" data-settings=\"{&quot;_ha_eqh_enable&quot;:false}\">\n\t\t<div class=\"elementor-element elementor-element-5fe16a0 e-con-full e-flex e-con e-child\" data-id=\"5fe16a0\" data-element_type=\"container\" data-e-type=\"container\" data-settings=\"{&quot;background_background&quot;:&quot;classic&quot;,&quot;_ha_eqh_enable&quot;:false}\">\n\t\t\t\t<div class=\"elementor-element elementor-element-490b5dd elementor-widget elementor-widget-text-editor\" data-id=\"490b5dd\" data-element_type=\"widget\" data-e-type=\"widget\" data-widget_type=\"text-editor.default\">\n\t\t\t\t<div class=\"elementor-widget-container\">\n\t\t\t\t\t\t\t\t\t<p><strong>Sou professora de matem\u00e1tica, pedagoga e especialista em atendimento educacional especializado<\/strong>. Com mais de 17 anos de experi\u00eancia no ensino, dediquei minha carreira a tornar a aprendizagem mais acess\u00edvel, envolvente e eficaz para todos os alunos. Aqui voc\u00ea encontra atividades e jogos interativos desenvolvidos com muito cuidado para facilitar o ensino da matem\u00e1tica. Meu objetivo \u00e9 que os professores economizem tempo, oferecendo materiais prontos, atrativos e auxiliando \u00e0s necessidades da sala de aula. O grande diferencial do meu trabalho \u00e9 a inclus\u00e3o!<\/p>\t\t\t\t\t\t\t\t<\/div>\n\t\t\t\t<\/div>\n\t\t\t\t<\/div>\n\t\t<div class=\"elementor-element elementor-element-b27c22d e-con-full e-flex e-con e-child\" data-id=\"b27c22d\" data-element_type=\"container\" data-e-type=\"container\" data-settings=\"{&quot;background_background&quot;:&quot;classic&quot;,&quot;_ha_eqh_enable&quot;:false}\">\n\t\t\t\t<div class=\"elementor-element elementor-element-bb11245 elementor-widget-tablet__width-initial elementor-widget elementor-widget-image\" data-id=\"bb11245\" data-element_type=\"widget\" data-e-type=\"widget\" data-widget_type=\"image.default\">\n\t\t\t\t<div class=\"elementor-widget-container\">\n\t\t\t\t\t\t\t\t\t\t\t\t\t\t\t<img fetchpriority=\"high\" decoding=\"async\" width=\"300\" height=\"300\" src=\"https:\/\/professoragisleinesanches.com.br\/wp-content\/uploads\/2025\/02\/7-300x300.jpg\" class=\"attachment-medium size-medium wp-image-63\" alt=\"\" srcset=\"https:\/\/professoragisleinesanches.com.br\/wp-content\/uploads\/2025\/02\/7-300x300.jpg 300w, https:\/\/professoragisleinesanches.com.br\/wp-content\/uploads\/2025\/02\/7-150x150.jpg 150w, https:\/\/professoragisleinesanches.com.br\/wp-content\/uploads\/2025\/02\/7-100x100.jpg 100w, https:\/\/professoragisleinesanches.com.br\/wp-content\/uploads\/2025\/02\/7.jpg 398w\" sizes=\"(max-width: 300px) 100vw, 300px\" \/>\t\t\t\t\t\t\t\t\t\t\t\t\t\t\t<\/div>\n\t\t\t\t<\/div>\n\t\t\t\t<\/div>\n\t\t<div class=\"elementor-element elementor-element-33d4353 e-con-full e-flex e-con e-child\" data-id=\"33d4353\" data-element_type=\"container\" data-e-type=\"container\" data-settings=\"{&quot;background_background&quot;:&quot;classic&quot;,&quot;_ha_eqh_enable&quot;:false}\">\n\t\t\t\t<div class=\"elementor-element elementor-element-b1052b1 elementor-widget elementor-widget-text-editor\" data-id=\"b1052b1\" data-element_type=\"widget\" data-e-type=\"widget\" data-widget_type=\"text-editor.default\">\n\t\t\t\t<div class=\"elementor-widget-container\">\n\t\t\t\t\t\t\t\t\t<p>Sei que cada aluno tem um ritmo de aprendizagem diferente, e \u00e9 por isso que a maioria das minhas atividades conta com vers\u00f5es adaptadas para alunos com dificuldades de aprendizagem ou algum tipo de defici\u00eancia. Assim, todos podem aprender de forma significativa e sem barreiras. Receba constantemente feedbacks positivos de professores que utilizam meus materiais e percebem a diferen\u00e7a na motiva\u00e7\u00e3o e no aprendizado dos alunos. Muitos voltam a comprar, pois sabemos que aqui encontram recursos de qualidade, que realmente fazem a diferen\u00e7a na pr\u00e1tica pedag\u00f3gica. Se voc\u00ea busca materiais que tornem suas aulas mais din\u00e2micas, divertidas e acess\u00edveis, esse \u00e9 o lugar certo!<\/p>\t\t\t\t\t\t\t\t<\/div>\n\t\t\t\t<\/div>\n\t\t\t\t<\/div>\n\t\t\t\t<\/div>\n\t\t\t\t<div class=\"elementor-element elementor-element-e8f5a17 elementor-widget__width-initial elementor-widget elementor-widget-heading\" data-id=\"e8f5a17\" data-element_type=\"widget\" data-e-type=\"widget\" data-widget_type=\"heading.default\">\n\t\t\t\t<div class=\"elementor-widget-container\">\n\t\t\t\t\t<h2 class=\"elementor-heading-title elementor-size-default\">Seja bem-vindo(a) e conte comigo nessa jornada pelo ensino da matem\u00e1tica!<\/h2>\t\t\t\t<\/div>\n\t\t\t\t<\/div>\n\t\t\t\t<\/div>\n\t\t\t\t\t<\/div>\n\t\t\t\t<\/div>\n\t\t\t\t<\/div>\n\t\t","protected":false},"excerpt":{"rendered":"<p>Sobre N\u00f3s Ol\u00e1, meu nome \u00e9 Gisleine Sanches Sou professora de matem\u00e1tica, pedagoga e especialista em atendimento educacional especializado. Com mais de 17 anos de experi\u00eancia no ensino, dediquei minha carreira a tornar a aprendizagem mais acess\u00edvel, envolvente e eficaz para todos os alunos. Aqui voc\u00ea encontra atividades e jogos interativos desenvolvidos com muito cuidado [&hellip;]<\/p>\n","protected":false},"author":1,"featured_media":0,"parent":0,"menu_order":0,"comment_status":"closed","ping_status":"closed","template":"elementor_header_footer","meta":{"footnotes":""},"class_list":["post-23","page","type-page","status-publish","hentry"],"jetpack_sharing_enabled":true,"_links":{"self":[{"href":"https:\/\/professoragisleinesanches.com.br\/index.php\/wp-json\/wp\/v2\/pages\/23","targetHints":{"allow":["GET"]}}],"collection":[{"href":"https:\/\/professoragisleinesanches.com.br\/index.php\/wp-json\/wp\/v2\/pages"}],"about":[{"href":"https:\/\/professoragisleinesanches.com.br\/index.php\/wp-json\/wp\/v2\/types\/page"}],"author":[{"embeddable":true,"href":"https:\/\/professoragisleinesanches.com.br\/index.php\/wp-json\/wp\/v2\/users\/1"}],"replies":[{"embeddable":true,"href":"https:\/\/professoragisleinesanches.com.br\/index.php\/wp-json\/wp\/v2\/comments?post=23"}],"version-history":[{"count":13,"href":"https:\/\/professoragisleinesanches.com.br\/index.php\/wp-json\/wp\/v2\/pages\/23\/revisions"}],"predecessor-version":[{"id":290,"href":"https:\/\/professoragisleinesanches.com.br\/index.php\/wp-json\/wp\/v2\/pages\/23\/revisions\/290"}],"wp:attachment":[{"href":"https:\/\/professoragisleinesanches.com.br\/index.php\/wp-json\/wp\/v2\/media?parent=23"}],"curies":[{"name":"wp","href":"https:\/\/api.w.org\/{rel}","templated":true}]}}